{"id":394,"date":"2021-03-03T02:25:52","date_gmt":"2021-03-03T02:25:52","guid":{"rendered":"http:\/\/fabulajuice.com\/index.php\/biography\/"},"modified":"2021-07-12T09:40:46","modified_gmt":"2021-07-12T09:40:46","slug":"garantia-de-calidad","status":"publish","type":"page","link":"https:\/\/fabulajuice.com\/index.php\/garantia-de-calidad\/","title":{"rendered":"Garant\u00eda de calidad"},"content":{"rendered":"\t\t<div data-elementor-type=\"wp-page\" data-elementor-id=\"394\" class=\"elementor elementor-394\" data-elementor-settings=\"[]\">\n\t\t\t\t\t\t\t<div class=\"elementor-section-wrap\">\n\t\t\t\t\t\t\t<section class=\"elementor-section elementor-top-section elementor-element elementor-element-d8d5da8 elementor-section-boxed elementor-section-height-default elementor-section-height-default\" data-id=\"d8d5da8\" data-element_type=\"section\">\n\t\t\t\t\t\t<div class=\"elementor-container elementor-column-gap-no\">\n\t\t\t\t\t<div class=\"elementor-column elementor-col-100 elementor-top-column elementor-element elementor-element-5d02d36\" data-id=\"5d02d36\" data-element_type=\"column\">\n\t\t\t<div class=\"elementor-widget-wrap elementor-element-populated\">\n\t\t\t\t\t\t\t\t<div class=\"elementor-element elementor-element-c797f68 elementor-widget elementor-widget-heading\" data-id=\"c797f68\" data-element_type=\"widget\" data-widget_type=\"heading.default\">\n\t\t\t\t<div class=\"elementor-widget-container\">\n\t\t\t<h1 class=\"elementor-heading-title elementor-size-default\">Garant\u00eda de calidad<\/h1>\t\t<\/div>\n\t\t\t\t<\/div>\n\t\t\t\t<div class=\"elementor-element elementor-element-3e8c75f elementor-widget elementor-widget-image\" data-id=\"3e8c75f\" data-element_type=\"widget\" data-widget_type=\"image.default\">\n\t\t\t\t<div class=\"elementor-widget-container\">\n\t\t\t\t\t\t\t\t\t\t\t\t\t\t\t<img width=\"300\" height=\"300\" src=\"https:\/\/fabulajuice.com\/wp-content\/uploads\/2021\/06\/8436-Convertido-1-300x300.png\" class=\"attachment-medium size-medium\" alt=\"garant\u00eda de calidad fabula\" loading=\"lazy\" srcset=\"https:\/\/fabulajuice.com\/wp-content\/uploads\/2021\/06\/8436-Convertido-1-300x300.png 300w, https:\/\/fabulajuice.com\/wp-content\/uploads\/2021\/06\/8436-Convertido-1-150x150.png 150w, https:\/\/fabulajuice.com\/wp-content\/uploads\/2021\/06\/8436-Convertido-1-768x769.png 768w, https:\/\/fabulajuice.com\/wp-content\/uploads\/2021\/06\/8436-Convertido-1.png 780w\" sizes=\"(max-width: 300px) 100vw, 300px\" \/>\t\t\t\t\t\t\t\t\t\t\t\t\t\t\t<\/div>\n\t\t\t\t<\/div>\n\t\t\t\t<section class=\"elementor-section elementor-inner-section elementor-element elementor-element-5b53ec6 elementor-section-boxed elementor-section-height-default elementor-section-height-default\" data-id=\"5b53ec6\" data-element_type=\"section\">\n\t\t\t\t\t\t<div class=\"elementor-container elementor-column-gap-no\">\n\t\t\t\t\t<div class=\"elementor-column elementor-col-100 elementor-inner-column elementor-element elementor-element-aa70106\" data-id=\"aa70106\" data-element_type=\"column\">\n\t\t\t<div class=\"elementor-widget-wrap elementor-element-populated\">\n\t\t\t\t\t\t\t\t<div class=\"elementor-element elementor-element-a6633ba elementor-widget elementor-widget-heading\" data-id=\"a6633ba\" data-element_type=\"widget\" data-widget_type=\"heading.default\">\n\t\t\t\t<div class=\"elementor-widget-container\">\n\t\t\t<h2 class=\"elementor-heading-title elementor-size-default\">\"La calidad no solo est\u00e1 en el sabor\"<\/h2>\t\t<\/div>\n\t\t\t\t<\/div>\n\t\t\t\t<div class=\"elementor-element elementor-element-a9fd274 elementor-widget elementor-widget-text-editor\" data-id=\"a9fd274\" data-element_type=\"widget\" data-widget_type=\"text-editor.default\">\n\t\t\t\t<div class=\"elementor-widget-container\">\n\t\t\t\t\t\t\t\t<p>Fabula Juice es una marca del grupo Drops. Nuestros eliquids se desarrollan y embotellan en las instalaciones de Drops Eliquids.<\/p><p>Toda botella de Fabula puesta en el mercado tiene un exhaustivo examen de calidad.<\/p><p>Cada ingrediente es evaluado y analizado minuciosamente antes de formar parte de nuestros l\u00edquidos y cada l\u00edquido se testea anal\u00edticamente antes de que nuestros clientes lo adquieran porque<\/p><p><strong>\u201cla calidad no solo est\u00e1 en el sabor\u201d<\/strong><\/p><p>\u00a0<\/p><p>Adem\u00e1s conocemos la trazabilidad del producto desde el momento en que adquiere la materia pima hasta el momento de la puesta en el punto de venta.\u00a0<\/p><p>Tu tranquilidad es la nuestra, por eso nuestros productos cumplen con todos los est\u00e1ndares y garant\u00eda de calidad y seguridad estipulados por la Uni\u00f3n Europea adem\u00e1s de los protocolos internos de fabricaci\u00f3n.<\/p>\t\t\t\t\t\t<\/div>\n\t\t\t\t<\/div>\n\t\t\t\t\t<\/div>\n\t\t<\/div>\n\t\t\t\t\t\t\t<\/div>\n\t\t<\/section>\n\t\t\t\t\t<\/div>\n\t\t<\/div>\n\t\t\t\t\t\t\t<\/div>\n\t\t<\/section>\n\t\t\t\t<section class=\"elementor-section elementor-top-section elementor-element elementor-element-a2115c6 elementor-section-full_width elementor-section-content-middle elementor-section-height-default elementor-section-height-default\" data-id=\"a2115c6\" data-element_type=\"section\">\n\t\t\t\t\t\t<div class=\"elementor-container elementor-column-gap-wide\">\n\t\t\t\t\t<div class=\"elementor-column elementor-col-25 elementor-top-column elementor-element elementor-element-cb926b8\" data-id=\"cb926b8\" data-element_type=\"column\">\n\t\t\t<div class=\"elementor-widget-wrap elementor-element-populated\">\n\t\t\t\t\t\t\t\t<div class=\"elementor-element elementor-element-523eef0 elementor-widget elementor-widget-image\" data-id=\"523eef0\" data-element_type=\"widget\" data-widget_type=\"image.default\">\n\t\t\t\t<div class=\"elementor-widget-container\">\n\t\t\t\t\t\t\t\t\t\t\t\t\t\t\t<img width=\"89\" height=\"300\" src=\"https:\/\/fabulajuice.com\/wp-content\/uploads\/2021\/06\/Bote-FABULA-WOLF-3D-1-89x300.png\" class=\"attachment-medium size-medium\" alt=\"\" loading=\"lazy\" srcset=\"https:\/\/fabulajuice.com\/wp-content\/uploads\/2021\/06\/Bote-FABULA-WOLF-3D-1-89x300.png 89w, https:\/\/fabulajuice.com\/wp-content\/uploads\/2021\/06\/Bote-FABULA-WOLF-3D-1-304x1024.png 304w, https:\/\/fabulajuice.com\/wp-content\/uploads\/2021\/06\/Bote-FABULA-WOLF-3D-1-768x2588.png 768w, https:\/\/fabulajuice.com\/wp-content\/uploads\/2021\/06\/Bote-FABULA-WOLF-3D-1-456x1536.png 456w, https:\/\/fabulajuice.com\/wp-content\/uploads\/2021\/06\/Bote-FABULA-WOLF-3D-1-608x2048.png 608w, https:\/\/fabulajuice.com\/wp-content\/uploads\/2021\/06\/Bote-FABULA-WOLF-3D-1.png 780w\" sizes=\"(max-width: 89px) 100vw, 89px\" \/>\t\t\t\t\t\t\t\t\t\t\t\t\t\t\t<\/div>\n\t\t\t\t<\/div>\n\t\t\t\t\t<\/div>\n\t\t<\/div>\n\t\t\t\t<div class=\"elementor-column elementor-col-25 elementor-top-column elementor-element elementor-element-7ecdd38\" data-id=\"7ecdd38\" data-element_type=\"column\">\n\t\t\t<div class=\"elementor-widget-wrap elementor-element-populated\">\n\t\t\t\t\t\t\t\t<div class=\"elementor-element elementor-element-c3a56fb elementor-widget elementor-widget-image\" data-id=\"c3a56fb\" data-element_type=\"widget\" data-widget_type=\"image.default\">\n\t\t\t\t<div class=\"elementor-widget-container\">\n\t\t\t\t\t\t\t\t\t\t\t\t\t\t\t<img width=\"89\" height=\"300\" src=\"https:\/\/fabulajuice.com\/wp-content\/uploads\/2021\/06\/Bote-FABULA-MAGIC-3D-1-89x300.png\" class=\"attachment-medium size-medium\" alt=\"\" loading=\"lazy\" srcset=\"https:\/\/fabulajuice.com\/wp-content\/uploads\/2021\/06\/Bote-FABULA-MAGIC-3D-1-89x300.png 89w, https:\/\/fabulajuice.com\/wp-content\/uploads\/2021\/06\/Bote-FABULA-MAGIC-3D-1-304x1024.png 304w, https:\/\/fabulajuice.com\/wp-content\/uploads\/2021\/06\/Bote-FABULA-MAGIC-3D-1-768x2588.png 768w, https:\/\/fabulajuice.com\/wp-content\/uploads\/2021\/06\/Bote-FABULA-MAGIC-3D-1-456x1536.png 456w, https:\/\/fabulajuice.com\/wp-content\/uploads\/2021\/06\/Bote-FABULA-MAGIC-3D-1-608x2048.png 608w, https:\/\/fabulajuice.com\/wp-content\/uploads\/2021\/06\/Bote-FABULA-MAGIC-3D-1.png 780w\" sizes=\"(max-width: 89px) 100vw, 89px\" \/>\t\t\t\t\t\t\t\t\t\t\t\t\t\t\t<\/div>\n\t\t\t\t<\/div>\n\t\t\t\t\t<\/div>\n\t\t<\/div>\n\t\t\t\t<div class=\"elementor-column elementor-col-25 elementor-top-column elementor-element elementor-element-7a57aa3\" data-id=\"7a57aa3\" data-element_type=\"column\">\n\t\t\t<div class=\"elementor-widget-wrap elementor-element-populated\">\n\t\t\t\t\t\t\t\t<div class=\"elementor-element elementor-element-e34ff9e elementor-widget elementor-widget-image\" data-id=\"e34ff9e\" data-element_type=\"widget\" data-widget_type=\"image.default\">\n\t\t\t\t<div class=\"elementor-widget-container\">\n\t\t\t\t\t\t\t\t\t\t\t\t\t\t\t<img width=\"89\" height=\"300\" src=\"https:\/\/fabulajuice.com\/wp-content\/uploads\/2021\/06\/Bote-FABULA-NORTHW-3D-89x300.png\" class=\"attachment-medium size-medium\" alt=\"\" loading=\"lazy\" srcset=\"https:\/\/fabulajuice.com\/wp-content\/uploads\/2021\/06\/Bote-FABULA-NORTHW-3D-89x300.png 89w, https:\/\/fabulajuice.com\/wp-content\/uploads\/2021\/06\/Bote-FABULA-NORTHW-3D-304x1024.png 304w, https:\/\/fabulajuice.com\/wp-content\/uploads\/2021\/06\/Bote-FABULA-NORTHW-3D-768x2588.png 768w, https:\/\/fabulajuice.com\/wp-content\/uploads\/2021\/06\/Bote-FABULA-NORTHW-3D-456x1536.png 456w, https:\/\/fabulajuice.com\/wp-content\/uploads\/2021\/06\/Bote-FABULA-NORTHW-3D-608x2048.png 608w, https:\/\/fabulajuice.com\/wp-content\/uploads\/2021\/06\/Bote-FABULA-NORTHW-3D.png 780w\" sizes=\"(max-width: 89px) 100vw, 89px\" \/>\t\t\t\t\t\t\t\t\t\t\t\t\t\t\t<\/div>\n\t\t\t\t<\/div>\n\t\t\t\t\t<\/div>\n\t\t<\/div>\n\t\t\t\t<div class=\"elementor-column elementor-col-25 elementor-top-column elementor-element elementor-element-c71a635\" data-id=\"c71a635\" data-element_type=\"column\">\n\t\t\t<div class=\"elementor-widget-wrap elementor-element-populated\">\n\t\t\t\t\t\t\t\t<div class=\"elementor-element elementor-element-24e13a7 elementor-widget elementor-widget-image\" data-id=\"24e13a7\" data-element_type=\"widget\" data-widget_type=\"image.default\">\n\t\t\t\t<div class=\"elementor-widget-container\">\n\t\t\t\t\t\t\t\t\t\t\t\t\t\t\t<img width=\"89\" height=\"300\" src=\"https:\/\/fabulajuice.com\/wp-content\/uploads\/2021\/06\/Bote-FABULA-CROW-3D-89x300.png\" class=\"attachment-medium size-medium\" alt=\"Botella de Fabula Juice eliquid Crow\" loading=\"lazy\" srcset=\"https:\/\/fabulajuice.com\/wp-content\/uploads\/2021\/06\/Bote-FABULA-CROW-3D-89x300.png 89w, https:\/\/fabulajuice.com\/wp-content\/uploads\/2021\/06\/Bote-FABULA-CROW-3D-304x1024.png 304w, https:\/\/fabulajuice.com\/wp-content\/uploads\/2021\/06\/Bote-FABULA-CROW-3D-768x2588.png 768w, https:\/\/fabulajuice.com\/wp-content\/uploads\/2021\/06\/Bote-FABULA-CROW-3D-456x1536.png 456w, https:\/\/fabulajuice.com\/wp-content\/uploads\/2021\/06\/Bote-FABULA-CROW-3D-608x2048.png 608w, https:\/\/fabulajuice.com\/wp-content\/uploads\/2021\/06\/Bote-FABULA-CROW-3D.png 780w\" sizes=\"(max-width: 89px) 100vw, 89px\" \/>\t\t\t\t\t\t\t\t\t\t\t\t\t\t\t<\/div>\n\t\t\t\t<\/div>\n\t\t\t\t\t<\/div>\n\t\t<\/div>\n\t\t\t\t\t\t\t<\/div>\n\t\t<\/section>\n\t\t\t\t<section class=\"elementor-section elementor-top-section elementor-element elementor-element-eef89c8 elementor-section-boxed elementor-section-height-default elementor-section-height-default\" data-id=\"eef89c8\" data-element_type=\"section\">\n\t\t\t\t\t\t<div class=\"elementor-container elementor-column-gap-no\">\n\t\t\t\t\t<div class=\"elementor-column elementor-col-100 elementor-top-column elementor-element elementor-element-6507f88\" data-id=\"6507f88\" data-element_type=\"column\">\n\t\t\t<div class=\"elementor-widget-wrap\">\n\t\t\t\t\t\t\t\t\t<\/div>\n\t\t<\/div>\n\t\t\t\t\t\t\t<\/div>\n\t\t<\/section>\n\t\t\t\t\t\t<\/div>\n\t\t\t\t\t<\/div>\n\t\t","protected":false},"excerpt":{"rendered":"<p>Garant\u00eda de calidad \u00abLa calidad no solo est\u00e1 en el sabor\u00bb Fabula Juice es una marca del grupo Drops. Nuestros eliquids se desarrollan y embotellan en las instalaciones de Drops Eliquids. Toda botella de Fabula puesta en el mercado tiene un exhaustivo examen de calidad. Cada ingrediente es evaluado y analizado minuciosamente antes de formar &hellip;<\/p>\n<p class=\"read-more\"> <a class=\"\" href=\"https:\/\/fabulajuice.com\/index.php\/garantia-de-calidad\/\"> <span class=\"screen-reader-text\">Garant\u00eda de calidad<\/span> Leer m\u00e1s &raquo;<\/a><\/p>\n","protected":false},"author":1,"featured_media":0,"parent":0,"menu_order":0,"comment_status":"closed","ping_status":"closed","template":"","meta":[],"_links":{"self":[{"href":"https:\/\/fabulajuice.com\/index.php\/wp-json\/wp\/v2\/pages\/394"}],"collection":[{"href":"https:\/\/fabulajuice.com\/index.php\/wp-json\/wp\/v2\/pages"}],"about":[{"href":"https:\/\/fabulajuice.com\/index.php\/wp-json\/wp\/v2\/types\/page"}],"author":[{"embeddable":true,"href":"https:\/\/fabulajuice.com\/index.php\/wp-json\/wp\/v2\/users\/1"}],"replies":[{"embeddable":true,"href":"https:\/\/fabulajuice.com\/index.php\/wp-json\/wp\/v2\/comments?post=394"}],"version-history":[{"count":9,"href":"https:\/\/fabulajuice.com\/index.php\/wp-json\/wp\/v2\/pages\/394\/revisions"}],"predecessor-version":[{"id":865,"href":"https:\/\/fabulajuice.com\/index.php\/wp-json\/wp\/v2\/pages\/394\/revisions\/865"}],"wp:attachment":[{"href":"https:\/\/fabulajuice.com\/index.php\/wp-json\/wp\/v2\/media?parent=394"}],"curies":[{"name":"wp","href":"https:\/\/api.w.org\/{rel}","templated":true}]}}