{"id":447,"date":"2021-03-03T04:55:54","date_gmt":"2021-03-03T04:55:54","guid":{"rendered":"http:\/\/fabulajuice.com\/index.php\/repertoire\/"},"modified":"2021-07-20T11:38:54","modified_gmt":"2021-07-20T11:38:54","slug":"productos","status":"publish","type":"page","link":"https:\/\/fabulajuice.com\/index.php\/productos\/","title":{"rendered":"Productos"},"content":{"rendered":"\t\t<div data-elementor-type=\"wp-page\" data-elementor-id=\"447\" class=\"elementor elementor-447\" data-elementor-settings=\"[]\">\n\t\t\t\t\t\t\t<div class=\"elementor-section-wrap\">\n\t\t\t\t\t\t\t<section class=\"elementor-section elementor-top-section elementor-element elementor-element-509e7ce elementor-section-full_width elementor-section-height-default elementor-section-height-default\" data-id=\"509e7ce\" data-element_type=\"section\">\n\t\t\t\t\t\t<div class=\"elementor-container elementor-column-gap-no\">\n\t\t\t\t\t<div class=\"elementor-column elementor-col-100 elementor-top-column elementor-element elementor-element-f6ecab9\" data-id=\"f6ecab9\" data-element_type=\"column\">\n\t\t\t<div class=\"elementor-widget-wrap elementor-element-populated\">\n\t\t\t\t\t\t\t\t<div class=\"elementor-element elementor-element-dee2a4f elementor-widget elementor-widget-heading\" data-id=\"dee2a4f\" data-element_type=\"widget\" data-widget_type=\"heading.default\">\n\t\t\t\t<div class=\"elementor-widget-container\">\n\t\t\t<h1 class=\"elementor-heading-title elementor-size-default\">Nuestros eliquids<\/h1>\t\t<\/div>\n\t\t\t\t<\/div>\n\t\t\t\t<div class=\"elementor-element elementor-element-8092a18 gallery-spacing-custom animated-slow elementor-invisible elementor-widget elementor-widget-image-gallery\" data-id=\"8092a18\" data-element_type=\"widget\" data-settings=\"{&quot;_animation&quot;:&quot;fadeIn&quot;,&quot;_animation_delay&quot;:200}\" data-widget_type=\"image-gallery.default\">\n\t\t\t\t<div class=\"elementor-widget-container\">\n\t\t\t\t\t<div class=\"elementor-image-gallery\">\n\t\t\t<div id='gallery-1' class='gallery galleryid-447 gallery-columns-4 gallery-size-medium'><figure class='gallery-item'>\n\t\t\t<div class='gallery-icon portrait'>\n\t\t\t\t<img width=\"89\" height=\"300\" src=\"https:\/\/fabulajuice.com\/wp-content\/uploads\/2021\/06\/Bote-FABULA-CROW-3D-1-89x300.png\" class=\"attachment-medium size-medium\" alt=\"\" loading=\"lazy\" srcset=\"https:\/\/fabulajuice.com\/wp-content\/uploads\/2021\/06\/Bote-FABULA-CROW-3D-1-89x300.png 89w, https:\/\/fabulajuice.com\/wp-content\/uploads\/2021\/06\/Bote-FABULA-CROW-3D-1-304x1024.png 304w, https:\/\/fabulajuice.com\/wp-content\/uploads\/2021\/06\/Bote-FABULA-CROW-3D-1-768x2588.png 768w, https:\/\/fabulajuice.com\/wp-content\/uploads\/2021\/06\/Bote-FABULA-CROW-3D-1-456x1536.png 456w, https:\/\/fabulajuice.com\/wp-content\/uploads\/2021\/06\/Bote-FABULA-CROW-3D-1-608x2048.png 608w, https:\/\/fabulajuice.com\/wp-content\/uploads\/2021\/06\/Bote-FABULA-CROW-3D-1.png 780w\" sizes=\"(max-width: 89px) 100vw, 89px\" \/>\n\t\t\t<\/div><\/figure><figure class='gallery-item'>\n\t\t\t<div class='gallery-icon portrait'>\n\t\t\t\t<img width=\"89\" height=\"300\" src=\"https:\/\/fabulajuice.com\/wp-content\/uploads\/2021\/06\/Bote-FABULA-MAGIC-3D-1-89x300.png\" class=\"attachment-medium size-medium\" alt=\"\" loading=\"lazy\" srcset=\"https:\/\/fabulajuice.com\/wp-content\/uploads\/2021\/06\/Bote-FABULA-MAGIC-3D-1-89x300.png 89w, https:\/\/fabulajuice.com\/wp-content\/uploads\/2021\/06\/Bote-FABULA-MAGIC-3D-1-304x1024.png 304w, https:\/\/fabulajuice.com\/wp-content\/uploads\/2021\/06\/Bote-FABULA-MAGIC-3D-1-768x2588.png 768w, https:\/\/fabulajuice.com\/wp-content\/uploads\/2021\/06\/Bote-FABULA-MAGIC-3D-1-456x1536.png 456w, https:\/\/fabulajuice.com\/wp-content\/uploads\/2021\/06\/Bote-FABULA-MAGIC-3D-1-608x2048.png 608w, https:\/\/fabulajuice.com\/wp-content\/uploads\/2021\/06\/Bote-FABULA-MAGIC-3D-1.png 780w\" sizes=\"(max-width: 89px) 100vw, 89px\" \/>\n\t\t\t<\/div><\/figure><figure class='gallery-item'>\n\t\t\t<div class='gallery-icon portrait'>\n\t\t\t\t<img width=\"89\" height=\"300\" src=\"https:\/\/fabulajuice.com\/wp-content\/uploads\/2021\/06\/Bote-FABULA-NORTHW-3D-1-89x300.png\" class=\"attachment-medium size-medium\" alt=\"\" loading=\"lazy\" srcset=\"https:\/\/fabulajuice.com\/wp-content\/uploads\/2021\/06\/Bote-FABULA-NORTHW-3D-1-89x300.png 89w, https:\/\/fabulajuice.com\/wp-content\/uploads\/2021\/06\/Bote-FABULA-NORTHW-3D-1-304x1024.png 304w, https:\/\/fabulajuice.com\/wp-content\/uploads\/2021\/06\/Bote-FABULA-NORTHW-3D-1-768x2588.png 768w, https:\/\/fabulajuice.com\/wp-content\/uploads\/2021\/06\/Bote-FABULA-NORTHW-3D-1-456x1536.png 456w, https:\/\/fabulajuice.com\/wp-content\/uploads\/2021\/06\/Bote-FABULA-NORTHW-3D-1-608x2048.png 608w, https:\/\/fabulajuice.com\/wp-content\/uploads\/2021\/06\/Bote-FABULA-NORTHW-3D-1.png 780w\" sizes=\"(max-width: 89px) 100vw, 89px\" \/>\n\t\t\t<\/div><\/figure><figure class='gallery-item'>\n\t\t\t<div class='gallery-icon portrait'>\n\t\t\t\t<img width=\"89\" height=\"300\" src=\"https:\/\/fabulajuice.com\/wp-content\/uploads\/2021\/06\/Bote-FABULA-WOLF-3D-2-89x300.png\" class=\"attachment-medium size-medium\" alt=\"\" loading=\"lazy\" srcset=\"https:\/\/fabulajuice.com\/wp-content\/uploads\/2021\/06\/Bote-FABULA-WOLF-3D-2-89x300.png 89w, https:\/\/fabulajuice.com\/wp-content\/uploads\/2021\/06\/Bote-FABULA-WOLF-3D-2-304x1024.png 304w, https:\/\/fabulajuice.com\/wp-content\/uploads\/2021\/06\/Bote-FABULA-WOLF-3D-2-768x2588.png 768w, https:\/\/fabulajuice.com\/wp-content\/uploads\/2021\/06\/Bote-FABULA-WOLF-3D-2-456x1536.png 456w, https:\/\/fabulajuice.com\/wp-content\/uploads\/2021\/06\/Bote-FABULA-WOLF-3D-2-608x2048.png 608w, https:\/\/fabulajuice.com\/wp-content\/uploads\/2021\/06\/Bote-FABULA-WOLF-3D-2.png 780w\" sizes=\"(max-width: 89px) 100vw, 89px\" \/>\n\t\t\t<\/div><\/figure>\n\t\t<\/div>\n\t\t<\/div>\n\t\t\t\t<\/div>\n\t\t\t\t<\/div>\n\t\t\t\t<div class=\"elementor-element elementor-element-d024397 elementor-widget-divider--view-line elementor-widget elementor-widget-divider\" data-id=\"d024397\" data-element_type=\"widget\" data-widget_type=\"divider.default\">\n\t\t\t\t<div class=\"elementor-widget-container\">\n\t\t\t\t\t<div class=\"elementor-divider\">\n\t\t\t<span class=\"elementor-divider-separator\">\n\t\t\t\t\t\t<\/span>\n\t\t<\/div>\n\t\t\t\t<\/div>\n\t\t\t\t<\/div>\n\t\t\t\t\t<\/div>\n\t\t<\/div>\n\t\t\t\t\t\t\t<\/div>\n\t\t<\/section>\n\t\t\t\t<section class=\"elementor-section elementor-top-section elementor-element elementor-element-173822b elementor-section-full_width elementor-section-content-middle elementor-section-height-default elementor-section-height-default\" data-id=\"173822b\" data-element_type=\"section\">\n\t\t\t\t\t\t<div class=\"elementor-container elementor-column-gap-custom\">\n\t\t\t\t\t<div class=\"elementor-column elementor-col-25 elementor-top-column elementor-element elementor-element-f1d4c55\" data-id=\"f1d4c55\" data-element_type=\"column\">\n\t\t\t<div class=\"elementor-widget-wrap elementor-element-populated\">\n\t\t\t\t\t\t\t\t<div class=\"elementor-element elementor-element-349ac8f elementor-widget elementor-widget-text-editor\" data-id=\"349ac8f\" data-element_type=\"widget\" data-widget_type=\"text-editor.default\">\n\t\t\t\t<div class=\"elementor-widget-container\">\n\t\t\t\t\t\t\t\t<h3>CROW<\/h3><p>El cuervo es el mensajero, el que alerta de lo que est\u00e1 por venir. Tarta de chocolate con vainilla, frutos secos caramelizados y la suavidad de la crema de coco que lo envuelve.\u00a0<\/p><p>Se cumple la profec\u00eda, disfr\u00fatala&#8230;<\/p>\t\t\t\t\t\t<\/div>\n\t\t\t\t<\/div>\n\t\t\t\t\t<\/div>\n\t\t<\/div>\n\t\t\t\t<div class=\"elementor-column elementor-col-25 elementor-top-column elementor-element elementor-element-4d3e815\" data-id=\"4d3e815\" data-element_type=\"column\">\n\t\t\t<div class=\"elementor-widget-wrap elementor-element-populated\">\n\t\t\t\t\t\t\t\t<div class=\"elementor-element elementor-element-5e0ac22 elementor-widget elementor-widget-text-editor\" data-id=\"5e0ac22\" data-element_type=\"widget\" data-widget_type=\"text-editor.default\">\n\t\t\t\t<div class=\"elementor-widget-container\">\n\t\t\t\t\t\t\t\t<h3>MAGIC<\/h3><p>D\u00e9jate envolver por un hechizo de sabores que te transporten a la magia de la memoria.\u00a0<\/p><p>La perfecta combinaci\u00f3n de galletas\u00a0 se une a una deliciosa crema de vainilla envuelta en nubes Marshmallow y un sutil toque de caramelo que te dejar\u00e1 encantado.<\/p>\t\t\t\t\t\t<\/div>\n\t\t\t\t<\/div>\n\t\t\t\t\t<\/div>\n\t\t<\/div>\n\t\t\t\t<div class=\"elementor-column elementor-col-25 elementor-top-column elementor-element elementor-element-da90ecc\" data-id=\"da90ecc\" data-element_type=\"column\">\n\t\t\t<div class=\"elementor-widget-wrap elementor-element-populated\">\n\t\t\t\t\t\t\t\t<div class=\"elementor-element elementor-element-a808551 elementor-widget elementor-widget-text-editor\" data-id=\"a808551\" data-element_type=\"widget\" data-widget_type=\"text-editor.default\">\n\t\t\t\t<div class=\"elementor-widget-container\">\n\t\t\t\t\t\t\t\t<h3>NORTHWIND<\/h3>\n<p>El viento del norte nos trae el frescor de los c\u00edtricos y los&nbsp;<span style=\"font-style: inherit; font-weight: inherit;\">frutos rojos que se funden con la masa de pastel y la crema batida.<\/span><\/p>\n<p>Ser\u00e1 el arma que te ayudar\u00e1 a combatir el calor con su genuino toque fresco.<\/p>\n<p><\/p>\t\t\t\t\t\t<\/div>\n\t\t\t\t<\/div>\n\t\t\t\t\t<\/div>\n\t\t<\/div>\n\t\t\t\t<div class=\"elementor-column elementor-col-25 elementor-top-column elementor-element elementor-element-93d4060\" data-id=\"93d4060\" data-element_type=\"column\">\n\t\t\t<div class=\"elementor-widget-wrap elementor-element-populated\">\n\t\t\t\t\t\t\t\t<div class=\"elementor-element elementor-element-0a8ff1f elementor-widget elementor-widget-text-editor\" data-id=\"0a8ff1f\" data-element_type=\"widget\" data-widget_type=\"text-editor.default\">\n\t\t\t\t<div class=\"elementor-widget-container\">\n\t\t\t\t\t\t\t\t<h3>WOLF<\/h3><p>Una mezcla de tabacos suave y equilibrada con el aporte justo de dulzor del caramelo y la vainilla.<\/p><p>Potente y audaz como el lobo, combina lo mejor de s\u00ed mismo para ser el l\u00edder.<\/p><p>\u00a0<\/p>\t\t\t\t\t\t<\/div>\n\t\t\t\t<\/div>\n\t\t\t\t\t<\/div>\n\t\t<\/div>\n\t\t\t\t\t\t\t<\/div>\n\t\t<\/section>\n\t\t\t\t<section class=\"elementor-section elementor-top-section elementor-element elementor-element-5f4f507 elementor-section-boxed elementor-section-height-default elementor-section-height-default\" data-id=\"5f4f507\" data-element_type=\"section\">\n\t\t\t\t\t\t<div class=\"elementor-container elementor-column-gap-default\">\n\t\t\t\t\t<div class=\"elementor-column elementor-col-100 elementor-top-column elementor-element elementor-element-66840c4\" data-id=\"66840c4\" data-element_type=\"column\">\n\t\t\t<div class=\"elementor-widget-wrap elementor-element-populated\">\n\t\t\t\t\t\t\t\t<div class=\"elementor-element elementor-element-c198c0e elementor-widget elementor-widget-image\" data-id=\"c198c0e\" data-element_type=\"widget\" data-widget_type=\"image.default\">\n\t\t\t\t<div class=\"elementor-widget-container\">\n\t\t\t\t\t\t\t\t\t\t\t\t\t\t\t<img width=\"300\" height=\"107\" src=\"https:\/\/fabulajuice.com\/wp-content\/uploads\/2021\/06\/LIBRO-300x107.png\" class=\"attachment-medium size-medium\" alt=\"\" loading=\"lazy\" srcset=\"https:\/\/fabulajuice.com\/wp-content\/uploads\/2021\/06\/LIBRO-300x107.png 300w, https:\/\/fabulajuice.com\/wp-content\/uploads\/2021\/06\/LIBRO-1024x364.png 1024w, https:\/\/fabulajuice.com\/wp-content\/uploads\/2021\/06\/LIBRO-768x273.png 768w, https:\/\/fabulajuice.com\/wp-content\/uploads\/2021\/06\/LIBRO-1536x546.png 1536w, https:\/\/fabulajuice.com\/wp-content\/uploads\/2021\/06\/LIBRO-2048x727.png 2048w\" sizes=\"(max-width: 300px) 100vw, 300px\" \/>\t\t\t\t\t\t\t\t\t\t\t\t\t\t\t<\/div>\n\t\t\t\t<\/div>\n\t\t\t\t\t<\/div>\n\t\t<\/div>\n\t\t\t\t\t\t\t<\/div>\n\t\t<\/section>\n\t\t\t\t\t\t<\/div>\n\t\t\t\t\t<\/div>\n\t\t","protected":false},"excerpt":{"rendered":"<p>Nuestros eliquids CROW El cuervo es el mensajero, el que alerta de lo que est\u00e1 por venir. Tarta de chocolate con vainilla, frutos secos caramelizados y la suavidad de la crema de coco que lo envuelve.\u00a0 Se cumple la profec\u00eda, disfr\u00fatala&#8230; MAGIC D\u00e9jate envolver por un hechizo de sabores que te transporten a la magia &hellip;<\/p>\n<p class=\"read-more\"> <a class=\"\" href=\"https:\/\/fabulajuice.com\/index.php\/productos\/\"> <span class=\"screen-reader-text\">Productos<\/span> Leer m\u00e1s &raquo;<\/a><\/p>\n","protected":false},"author":1,"featured_media":0,"parent":0,"menu_order":0,"comment_status":"closed","ping_status":"closed","template":"","meta":[],"_links":{"self":[{"href":"https:\/\/fabulajuice.com\/index.php\/wp-json\/wp\/v2\/pages\/447"}],"collection":[{"href":"https:\/\/fabulajuice.com\/index.php\/wp-json\/wp\/v2\/pages"}],"about":[{"href":"https:\/\/fabulajuice.com\/index.php\/wp-json\/wp\/v2\/types\/page"}],"author":[{"embeddable":true,"href":"https:\/\/fabulajuice.com\/index.php\/wp-json\/wp\/v2\/users\/1"}],"replies":[{"embeddable":true,"href":"https:\/\/fabulajuice.com\/index.php\/wp-json\/wp\/v2\/comments?post=447"}],"version-history":[{"count":94,"href":"https:\/\/fabulajuice.com\/index.php\/wp-json\/wp\/v2\/pages\/447\/revisions"}],"predecessor-version":[{"id":918,"href":"https:\/\/fabulajuice.com\/index.php\/wp-json\/wp\/v2\/pages\/447\/revisions\/918"}],"wp:attachment":[{"href":"https:\/\/fabulajuice.com\/index.php\/wp-json\/wp\/v2\/media?parent=447"}],"curies":[{"name":"wp","href":"https:\/\/api.w.org\/{rel}","templated":true}]}}